{"id":1040,"date":"2025-11-22T23:39:23","date_gmt":"2025-11-22T23:39:23","guid":{"rendered":"https:\/\/priceless-merkle.213-158-90-48.plesk.page\/?page_id=1040"},"modified":"2025-11-24T10:57:10","modified_gmt":"2025-11-24T10:57:10","slug":"urunler","status":"publish","type":"page","link":"https:\/\/karalargrup.com\/index.php\/urunler\/","title":{"rendered":"\u00dcr\u00fcnlerimiz"},"content":{"rendered":"\t\t<div data-elementor-type=\"wp-page\" data-elementor-id=\"1040\" class=\"elementor elementor-1040\">\n\t\t\t\t\t\t<section class=\"elementor-section elementor-top-section elementor-element elementor-element-2aba14f elementor-section-height-min-height elementor-section-stretched elementor-section-items-bottom elementor-section-boxed elementor-section-height-default\" data-id=\"2aba14f\" data-element_type=\"section\" data-settings=\"{&quot;stretch_section&quot;:&quot;section-stretched&quot;,&quot;background_background&quot;:&quot;classic&quot;}\">\n\t\t\t\t\t\t<div class=\"elementor-container elementor-column-gap-wider\">\n\t\t\t\t\t<div class=\"elementor-column elementor-col-100 elementor-top-column elementor-element elementor-element-370556d\" data-id=\"370556d\" data-element_type=\"column\">\n\t\t\t<div class=\"elementor-widget-wrap elementor-element-populated\">\n\t\t\t\t\t\t<section class=\"elementor-section elementor-inner-section elementor-element elementor-element-0a66122 elementor-section-boxed elementor-section-height-default elementor-section-height-default\" data-id=\"0a66122\" data-element_type=\"section\">\n\t\t\t\t\t\t<div class=\"elementor-container elementor-column-gap-default\">\n\t\t\t\t\t<div class=\"elementor-column elementor-col-50 elementor-inner-column elementor-element elementor-element-8ef9f56\" data-id=\"8ef9f56\" data-element_type=\"column\">\n\t\t\t<div class=\"elementor-widget-wrap elementor-element-populated\">\n\t\t\t\t\t\t<div class=\"elementor-element elementor-element-25dda34 elementor-widget__width-initial elementor-invisible elementor-widget elementor-widget-heading\" data-id=\"25dda34\" data-element_type=\"widget\" data-settings=\"{&quot;_animation&quot;:&quot;fadeInUp&quot;,&quot;_animation_delay&quot;:100}\" data-widget_type=\"heading.default\">\n\t\t\t\t\t<h2 class=\"elementor-heading-title elementor-size-default\">KARALAR OTO YEDEK PAR\u00c7A<\/h2>\t\t\t\t<\/div>\n\t\t\t\t<div class=\"elementor-element elementor-element-38bab12 elementor-widget__width-initial elementor-invisible elementor-widget elementor-widget-heading\" data-id=\"38bab12\" data-element_type=\"widget\" data-settings=\"{&quot;_animation&quot;:&quot;fadeInUp&quot;,&quot;_animation_delay&quot;:100}\" data-widget_type=\"heading.default\">\n\t\t\t\t\t<p class=\"elementor-heading-title elementor-size-default\">Her marka ve model araca uygun binlerce orijinal ve yan sanayi yedek par\u00e7a se\u00e7ene\u011fi.\n7\/24 \u00e7evrimi\u00e7i destek ve profesyonel servis hizmetiyle daima yan\u0131n\u0131zday\u0131z.<\/p>\t\t\t\t<\/div>\n\t\t\t\t\t<\/div>\n\t\t<\/div>\n\t\t\t\t<div class=\"elementor-column elementor-col-50 elementor-inner-column elementor-element elementor-element-1fe7c80 elementor-hidden-mobile\" data-id=\"1fe7c80\" data-element_type=\"column\">\n\t\t\t<div class=\"elementor-widget-wrap elementor-element-populated\">\n\t\t\t\t\t\t<div class=\"elementor-element elementor-element-aecb571 elementor-invisible elementor-widget elementor-widget-text-editor\" data-id=\"aecb571\" data-element_type=\"widget\" data-settings=\"{&quot;_animation&quot;:&quot;fadeInUp&quot;,&quot;_animation_delay&quot;:100}\" data-widget_type=\"text-editor.default\">\n\t\t\t\t\t\t\t\t\t<p><div class=\"progress_icons  transparent\" data-active=\"5\" data-color=\"#FFFFFF\"><span class=\"progress_icon \" style=\"\"><i class=\"icon-star\"><\/i><\/span><span class=\"progress_icon \" style=\"\"><i class=\"icon-star\"><\/i><\/span><span class=\"progress_icon \" style=\"\"><i class=\"icon-star\"><\/i><\/span><span class=\"progress_icon \" style=\"\"><i class=\"icon-star\"><\/i><\/span><span class=\"progress_icon \" style=\"\"><i class=\"icon-star\"><\/i><\/span><\/div>\n<br \/><hr class=\"no_line\" style=\"margin: 0 auto 15px auto\"\/>\n<br \/><hr class=\"\" style=\"margin:0 auto 15px;background-color:rgba(255,255,255,0.2)\"\/>\n<\/p><p>SATI\u015e KAL\u0130TES\u0130<\/p>\t\t\t\t\t\t\t\t<\/div>\n\t\t\t\t\t<\/div>\n\t\t<\/div>\n\t\t\t\t\t<\/div>\n\t\t<\/section>\n\t\t\t\t<section class=\"elementor-section elementor-inner-section elementor-element elementor-element-c8d82ef elementor-section-boxed elementor-section-height-default elementor-section-height-default\" data-id=\"c8d82ef\" data-element_type=\"section\">\n\t\t\t\t\t\t<div class=\"elementor-container elementor-column-gap-default\">\n\t\t\t\t\t<div class=\"elementor-column elementor-col-33 elementor-inner-column elementor-element elementor-element-ee7bed1\" data-id=\"ee7bed1\" data-element_type=\"column\">\n\t\t\t<div class=\"elementor-widget-wrap elementor-element-populated\">\n\t\t\t\t\t\t<div class=\"elementor-element elementor-element-d304c1e elementor-invisible elementor-widget elementor-widget-heading\" data-id=\"d304c1e\" data-element_type=\"widget\" data-settings=\"{&quot;_animation&quot;:&quot;fadeInLeft&quot;,&quot;_animation_delay&quot;:600}\" data-widget_type=\"heading.default\">\n\t\t\t\t\t<h6 class=\"elementor-heading-title elementor-size-default\">UYGUN F\u0130YAT<\/h6>\t\t\t\t<\/div>\n\t\t\t\t\t<\/div>\n\t\t<\/div>\n\t\t\t\t<div class=\"elementor-column elementor-col-33 elementor-inner-column elementor-element elementor-element-578700d\" data-id=\"578700d\" data-element_type=\"column\">\n\t\t\t<div class=\"elementor-widget-wrap elementor-element-populated\">\n\t\t\t\t\t\t<div class=\"elementor-element elementor-element-8cce5a1 elementor-invisible elementor-widget elementor-widget-heading\" data-id=\"8cce5a1\" data-element_type=\"widget\" data-settings=\"{&quot;_animation&quot;:&quot;fadeInLeft&quot;,&quot;_animation_delay&quot;:800}\" data-widget_type=\"heading.default\">\n\t\t\t\t\t<h6 class=\"elementor-heading-title elementor-size-default\">HIZLI TESL\u0130MAT<\/h6>\t\t\t\t<\/div>\n\t\t\t\t\t<\/div>\n\t\t<\/div>\n\t\t\t\t<div class=\"elementor-column elementor-col-33 elementor-inner-column elementor-element elementor-element-6cc4076\" data-id=\"6cc4076\" data-element_type=\"column\">\n\t\t\t<div class=\"elementor-widget-wrap elementor-element-populated\">\n\t\t\t\t\t\t<div class=\"elementor-element elementor-element-b90adcb elementor-invisible elementor-widget elementor-widget-heading\" data-id=\"b90adcb\" data-element_type=\"widget\" data-settings=\"{&quot;_animation&quot;:&quot;fadeInLeft&quot;,&quot;_animation_delay&quot;:1000}\" data-widget_type=\"heading.default\">\n\t\t\t\t\t<h6 class=\"elementor-heading-title elementor-size-default\">PROFESYONEL H\u0130ZMET<\/h6>\t\t\t\t<\/div>\n\t\t\t\t\t<\/div>\n\t\t<\/div>\n\t\t\t\t\t<\/div>\n\t\t<\/section>\n\t\t\t\t\t<\/div>\n\t\t<\/div>\n\t\t\t\t\t<\/div>\n\t\t<\/section>\n\t\t<div class=\"elementor-element elementor-element-3cbc169 e-flex e-con-boxed e-con e-parent\" data-id=\"3cbc169\" data-element_type=\"container\">\n\t\t\t\t\t<div class=\"e-con-inner\">\n\t\t\t\t<div class=\"elementor-element elementor-element-3832d64 elementor-widget elementor-widget-heading\" data-id=\"3832d64\" data-element_type=\"widget\" data-widget_type=\"heading.default\">\n\t\t\t\t\t<h1 class=\"elementor-heading-title elementor-size-default\">Ara\u00e7 Gruplar\u0131\u200b<\/h1>\t\t\t\t<\/div>\n\t\t\t\t<div class=\"elementor-element elementor-element-b29affb elementor-widget elementor-widget-text-editor\" data-id=\"b29affb\" data-element_type=\"widget\" data-widget_type=\"text-editor.default\">\n\t\t\t\t\t\t\t\t\t<p>100.000\u2019den fazla \u00fcr\u00fcn referans\u0131ndan olu\u015fan par\u00e7a sto\u011fumuz i\u00e7erisinde bulunun ara\u00e7 gruplar\u0131m\u0131z.<\/p>\t\t\t\t\t\t\t\t<\/div>\n\t\t\t\t<div class=\"elementor-element elementor-element-0ab095c elementor-widget__width-inherit elementor-widget elementor-widget-image\" data-id=\"0ab095c\" data-element_type=\"widget\" data-widget_type=\"image.default\">\n\t\t\t\t\t\t\t\t\t\t\t\t\t\t\t<img fetchpriority=\"high\" decoding=\"async\" width=\"1200\" height=\"461\" src=\"https:\/\/karalargrup.com\/wp-content\/uploads\/2025\/11\/markalar-1200x461.png\" class=\"attachment-large size-large wp-image-1042\" alt=\"\" srcset=\"https:\/\/karalargrup.com\/wp-content\/uploads\/2025\/11\/markalar-1200x462.png 1200w, https:\/\/karalargrup.com\/wp-content\/uploads\/2025\/11\/markalar-800x307.png 800w, https:\/\/karalargrup.com\/wp-content\/uploads\/2025\/11\/markalar-500x192.png 500w, https:\/\/karalargrup.com\/wp-content\/uploads\/2025\/11\/markalar-300x115.png 300w, https:\/\/karalargrup.com\/wp-content\/uploads\/2025\/11\/markalar-768x295.png 768w, https:\/\/karalargrup.com\/wp-content\/uploads\/2025\/11\/markalar-150x58.png 150w, https:\/\/karalargrup.com\/wp-content\/uploads\/2025\/11\/markalar-484x186.png 484w\" sizes=\"(max-width:767px) 484px, (max-width:1200px) 100vw, 1200px\" \/>\t\t\t\t\t\t\t\t\t\t\t\t\t\t\t<\/div>\n\t\t\t\t\t<\/div>\n\t\t\t\t<\/div>\n\t\t<div class=\"elementor-element elementor-element-ddac939 e-flex e-con-boxed e-con e-parent\" data-id=\"ddac939\" data-element_type=\"container\">\n\t\t\t\t\t<div class=\"e-con-inner\">\n\t\t<div class=\"elementor-element elementor-element-c7ef660 e-flex e-con-boxed e-con e-child\" data-id=\"c7ef660\" data-element_type=\"container\">\n\t\t\t\t\t<div class=\"e-con-inner\">\n\t\t\t\t<div class=\"elementor-element elementor-element-8fe8712 elementor-widget-mobile__width-inherit elementor-widget elementor-widget-heading\" data-id=\"8fe8712\" data-element_type=\"widget\" data-widget_type=\"heading.default\">\n\t\t\t\t\t<h2 class=\"elementor-heading-title elementor-size-default\">\u00dcr\u00fcn Gruplar\u0131<\/h2>\t\t\t\t<\/div>\n\t\t\t\t<div class=\"elementor-element elementor-element-54b98c3 elementor-widget elementor-widget-text-editor\" data-id=\"54b98c3\" data-element_type=\"widget\" data-widget_type=\"text-editor.default\">\n\t\t\t\t\t\t\t\t\t<div class=\"text-block text-center pt-4\"><p class=\"\">\u0130htiya\u00e7 duyaca\u011f\u0131n\u0131z her otomotiv yedek par\u00e7as\u0131na Ba\u015fbu\u011f g\u00fcvencesiyle sahip olun.<\/p><\/div><div id=\"productList\" class=\"row\"><div class=\"col-12 col-sm-6 col-lg-4\">\u00a0<\/div><\/div>\t\t\t\t\t\t\t\t<\/div>\n\t\t\t\t\t<\/div>\n\t\t\t\t<\/div>\n\t\t\t\t\t<\/div>\n\t\t\t\t<\/div>\n\t\t<div class=\"elementor-element elementor-element-0931fcc e-flex e-con-boxed e-con e-parent\" data-id=\"0931fcc\" data-element_type=\"container\">\n\t\t\t\t\t<div class=\"e-con-inner\">\n\t\t<div class=\"elementor-element elementor-element-669e52b e-con-full e-flex e-con e-child\" data-id=\"669e52b\" data-element_type=\"container\">\n\t\t\t\t<div class=\"elementor-element elementor-element-b4a4043 elementor-widget elementor-widget-image\" data-id=\"b4a4043\" data-element_type=\"widget\" data-widget_type=\"image.default\">\n\t\t\t\t\t\t\t\t\t\t\t\t\t\t\t\t<a href=\"https:\/\/karalargrup.com\/index.php\/motor-parcalari\/\">\n\t\t\t\t\t\t\t<img decoding=\"async\" width=\"387\" height=\"304\" src=\"https:\/\/karalargrup.com\/wp-content\/uploads\/2025\/11\/engine-parts.jpeg\" class=\"attachment-large size-large wp-image-1036\" alt=\"\" srcset=\"https:\/\/karalargrup.com\/wp-content\/uploads\/2025\/11\/engine-parts.jpeg 387w, https:\/\/karalargrup.com\/wp-content\/uploads\/2025\/11\/engine-parts-300x236.jpeg 300w, https:\/\/karalargrup.com\/wp-content\/uploads\/2025\/11\/engine-parts-95x75.jpeg 95w\" sizes=\"(max-width:767px) 387px, 387px\" \/>\t\t\t\t\t\t\t\t<\/a>\n\t\t\t\t\t\t\t\t\t\t\t\t\t\t\t<\/div>\n\t\t\t\t<div class=\"elementor-element elementor-element-5f176d1 elementor-widget elementor-widget-text-editor\" data-id=\"5f176d1\" data-element_type=\"widget\" data-widget_type=\"text-editor.default\">\n\t\t\t\t\t\t\t\t\t<p><a href=\"https:\/\/karalargrup.com\/\/index.php\/motor-parcalari\/\">Motor Par\u00e7alar\u0131<\/a><\/p>\t\t\t\t\t\t\t\t<\/div>\n\t\t\t\t<\/div>\n\t\t<div class=\"elementor-element elementor-element-64eb9ad e-con-full e-flex e-con e-child\" data-id=\"64eb9ad\" data-element_type=\"container\">\n\t\t\t\t<div class=\"elementor-element elementor-element-7560d4a elementor-widget elementor-widget-image\" data-id=\"7560d4a\" data-element_type=\"widget\" data-widget_type=\"image.default\">\n\t\t\t\t\t\t\t\t\t\t\t\t\t\t\t\t<a href=\"https:\/\/karalargrup.com\/index.php\/fren-parcalari\/\">\n\t\t\t\t\t\t\t<img decoding=\"async\" width=\"387\" height=\"304\" src=\"https:\/\/karalargrup.com\/wp-content\/uploads\/2025\/11\/fren-parts.jpeg\" class=\"attachment-large size-large wp-image-1035\" alt=\"\" srcset=\"https:\/\/karalargrup.com\/wp-content\/uploads\/2025\/11\/fren-parts.jpeg 387w, https:\/\/karalargrup.com\/wp-content\/uploads\/2025\/11\/fren-parts-300x236.jpeg 300w, https:\/\/karalargrup.com\/wp-content\/uploads\/2025\/11\/fren-parts-95x75.jpeg 95w\" sizes=\"(max-width:767px) 387px, 387px\" \/>\t\t\t\t\t\t\t\t<\/a>\n\t\t\t\t\t\t\t\t\t\t\t\t\t\t\t<\/div>\n\t\t\t\t<div class=\"elementor-element elementor-element-9cb4471 elementor-widget elementor-widget-text-editor\" data-id=\"9cb4471\" data-element_type=\"widget\" data-widget_type=\"text-editor.default\">\n\t\t\t\t\t\t\t\t\t<p><a href=\"https:\/\/karalargrup.com\/index.php\/fren-parcalari\/\">Fren Sistemi<\/a><\/p>\t\t\t\t\t\t\t\t<\/div>\n\t\t\t\t<\/div>\n\t\t<div class=\"elementor-element elementor-element-8cf723e e-con-full e-flex e-con e-child\" data-id=\"8cf723e\" data-element_type=\"container\">\n\t\t\t\t<div class=\"elementor-element elementor-element-7adf986 elementor-widget elementor-widget-image\" data-id=\"7adf986\" data-element_type=\"widget\" data-widget_type=\"image.default\">\n\t\t\t\t\t\t\t\t\t\t\t\t\t\t\t\t<a href=\"https:\/\/karalargrup.com\/index.php\/on-takim-rulman-parcalari\/\">\n\t\t\t\t\t\t\t<img loading=\"lazy\" decoding=\"async\" width=\"387\" height=\"304\" src=\"https:\/\/karalargrup.com\/wp-content\/uploads\/2025\/11\/suspansiyon.jpeg\" class=\"attachment-large size-large wp-image-1034\" alt=\"\" srcset=\"https:\/\/karalargrup.com\/wp-content\/uploads\/2025\/11\/suspansiyon.jpeg 387w, https:\/\/karalargrup.com\/wp-content\/uploads\/2025\/11\/suspansiyon-300x236.jpeg 300w, https:\/\/karalargrup.com\/wp-content\/uploads\/2025\/11\/suspansiyon-95x75.jpeg 95w\" sizes=\"(max-width:767px) 387px, 387px\" \/>\t\t\t\t\t\t\t\t<\/a>\n\t\t\t\t\t\t\t\t\t\t\t\t\t\t\t<\/div>\n\t\t\t\t<div class=\"elementor-element elementor-element-4806b17 elementor-widget elementor-widget-text-editor\" data-id=\"4806b17\" data-element_type=\"widget\" data-widget_type=\"text-editor.default\">\n\t\t\t\t\t\t\t\t\t<p><a href=\"https:\/\/karalargrup.com\/index.php\/on-takim-rulman-parcalari\/\">\u00d6n Tak\u0131m \/ Rulman<\/a><\/p>\t\t\t\t\t\t\t\t<\/div>\n\t\t\t\t<\/div>\n\t\t<div class=\"elementor-element elementor-element-a193ef3 e-con-full e-flex e-con e-child\" data-id=\"a193ef3\" data-element_type=\"container\">\n\t\t\t\t<div class=\"elementor-element elementor-element-889ddeb elementor-widget elementor-widget-image\" data-id=\"889ddeb\" data-element_type=\"widget\" data-widget_type=\"image.default\">\n\t\t\t\t\t\t\t\t\t\t\t\t\t\t\t\t<a href=\"https:\/\/karalargrup.com\/index.php\/debriyaj-defransiyel-parcalari\/\">\n\t\t\t\t\t\t\t<img loading=\"lazy\" decoding=\"async\" width=\"387\" height=\"304\" src=\"https:\/\/karalargrup.com\/wp-content\/uploads\/2025\/11\/iFeEC6T1cYFh0gTkIpFKSGFjv0HUc4IH28fnJ1Oc.jpeg\" class=\"attachment-large size-large wp-image-1033\" alt=\"\" srcset=\"https:\/\/karalargrup.com\/wp-content\/uploads\/2025\/11\/iFeEC6T1cYFh0gTkIpFKSGFjv0HUc4IH28fnJ1Oc.jpeg 387w, https:\/\/karalargrup.com\/wp-content\/uploads\/2025\/11\/iFeEC6T1cYFh0gTkIpFKSGFjv0HUc4IH28fnJ1Oc-300x236.jpeg 300w, https:\/\/karalargrup.com\/wp-content\/uploads\/2025\/11\/iFeEC6T1cYFh0gTkIpFKSGFjv0HUc4IH28fnJ1Oc-95x75.jpeg 95w\" sizes=\"(max-width:767px) 387px, 387px\" \/>\t\t\t\t\t\t\t\t<\/a>\n\t\t\t\t\t\t\t\t\t\t\t\t\t\t\t<\/div>\n\t\t\t\t<div class=\"elementor-element elementor-element-1dc8aa6 elementor-widget elementor-widget-text-editor\" data-id=\"1dc8aa6\" data-element_type=\"widget\" data-widget_type=\"text-editor.default\">\n\t\t\t\t\t\t\t\t\t<p><a href=\"https:\/\/karalargrup.com\/index.php\/debriyaj-defransiyel-parcalari\/\">Debriyaj\/Defransiyel<\/a><\/p>\t\t\t\t\t\t\t\t<\/div>\n\t\t\t\t<\/div>\n\t\t\t\t\t<\/div>\n\t\t\t\t<\/div>\n\t\t<div class=\"elementor-element elementor-element-b794033 e-flex e-con-boxed e-con e-parent\" data-id=\"b794033\" data-element_type=\"container\">\n\t\t\t\t\t<div class=\"e-con-inner\">\n\t\t<div class=\"elementor-element elementor-element-5617b37 e-con-full e-flex e-con e-child\" data-id=\"5617b37\" data-element_type=\"container\">\n\t\t\t\t<div class=\"elementor-element elementor-element-1b457df elementor-widget elementor-widget-image\" data-id=\"1b457df\" data-element_type=\"widget\" data-widget_type=\"image.default\">\n\t\t\t\t\t\t\t\t\t\t\t\t\t\t\t\t<a href=\"https:\/\/karalargrup.com\/index.php\/isitma-sogutma-parcalari\/\">\n\t\t\t\t\t\t\t<img loading=\"lazy\" decoding=\"async\" width=\"387\" height=\"304\" src=\"https:\/\/karalargrup.com\/wp-content\/uploads\/2025\/11\/isitmasogutma-sistemi.jpeg\" class=\"attachment-large size-large wp-image-1032\" alt=\"\" srcset=\"https:\/\/karalargrup.com\/wp-content\/uploads\/2025\/11\/isitmasogutma-sistemi.jpeg 387w, https:\/\/karalargrup.com\/wp-content\/uploads\/2025\/11\/isitmasogutma-sistemi-300x236.jpeg 300w, https:\/\/karalargrup.com\/wp-content\/uploads\/2025\/11\/isitmasogutma-sistemi-95x75.jpeg 95w\" sizes=\"(max-width:767px) 387px, 387px\" \/>\t\t\t\t\t\t\t\t<\/a>\n\t\t\t\t\t\t\t\t\t\t\t\t\t\t\t<\/div>\n\t\t\t\t<div class=\"elementor-element elementor-element-00088c9 elementor-widget elementor-widget-text-editor\" data-id=\"00088c9\" data-element_type=\"widget\" data-widget_type=\"text-editor.default\">\n\t\t\t\t\t\t\t\t\t<p><a href=\"https:\/\/karalargrup.com\/index.php\/isitma-sogutma-parcalari\/\" data-wplink-edit=\"true\">Is\u0131tma \/ So\u011futma Par\u00e7alar\u0131<\/a><\/p>\t\t\t\t\t\t\t\t<\/div>\n\t\t\t\t<\/div>\n\t\t<div class=\"elementor-element elementor-element-6784c6f e-con-full e-flex e-con e-child\" data-id=\"6784c6f\" data-element_type=\"container\">\n\t\t\t\t<div class=\"elementor-element elementor-element-0e3a10d elementor-widget elementor-widget-image\" data-id=\"0e3a10d\" data-element_type=\"widget\" data-widget_type=\"image.default\">\n\t\t\t\t\t\t\t\t\t\t\t\t\t\t\t\t<a href=\"https:\/\/karalargrup.com\/index.php\/kaucuk-teller\/\">\n\t\t\t\t\t\t\t<img loading=\"lazy\" decoding=\"async\" width=\"387\" height=\"304\" src=\"https:\/\/karalargrup.com\/wp-content\/uploads\/2025\/11\/kaucuk-telleri.jpeg\" class=\"attachment-large size-large wp-image-1031\" alt=\"\" srcset=\"https:\/\/karalargrup.com\/wp-content\/uploads\/2025\/11\/kaucuk-telleri.jpeg 387w, https:\/\/karalargrup.com\/wp-content\/uploads\/2025\/11\/kaucuk-telleri-300x236.jpeg 300w, https:\/\/karalargrup.com\/wp-content\/uploads\/2025\/11\/kaucuk-telleri-95x75.jpeg 95w\" sizes=\"(max-width:767px) 387px, 387px\" \/>\t\t\t\t\t\t\t\t<\/a>\n\t\t\t\t\t\t\t\t\t\t\t\t\t\t\t<\/div>\n\t\t\t\t<div class=\"elementor-element elementor-element-70438e3 elementor-widget elementor-widget-text-editor\" data-id=\"70438e3\" data-element_type=\"widget\" data-widget_type=\"text-editor.default\">\n\t\t\t\t\t\t\t\t\t<p><a href=\"https:\/\/karalargrup.com\/index.php\/kaucuk-teller\/\">Kau\u00e7uk Teller<\/a><\/p>\t\t\t\t\t\t\t\t<\/div>\n\t\t\t\t<\/div>\n\t\t<div class=\"elementor-element elementor-element-a29a25b e-con-full e-flex e-con e-child\" data-id=\"a29a25b\" data-element_type=\"container\">\n\t\t\t\t<div class=\"elementor-element elementor-element-7f0a1d5 elementor-widget elementor-widget-image\" data-id=\"7f0a1d5\" data-element_type=\"widget\" data-widget_type=\"image.default\">\n\t\t\t\t\t\t\t\t\t\t\t\t\t\t\t\t<a href=\"https:\/\/karalargrup.com\/index.php\/elektrik-aydinlatma-parcalari\/\">\n\t\t\t\t\t\t\t<img loading=\"lazy\" decoding=\"async\" width=\"387\" height=\"304\" src=\"https:\/\/karalargrup.com\/wp-content\/uploads\/2025\/11\/elektrik-aydinlatma-parcalari.jpeg\" class=\"attachment-large size-large wp-image-1030\" alt=\"\" srcset=\"https:\/\/karalargrup.com\/wp-content\/uploads\/2025\/11\/elektrik-aydinlatma-parcalari.jpeg 387w, https:\/\/karalargrup.com\/wp-content\/uploads\/2025\/11\/elektrik-aydinlatma-parcalari-300x236.jpeg 300w, https:\/\/karalargrup.com\/wp-content\/uploads\/2025\/11\/elektrik-aydinlatma-parcalari-95x75.jpeg 95w\" sizes=\"(max-width:767px) 387px, 387px\" \/>\t\t\t\t\t\t\t\t<\/a>\n\t\t\t\t\t\t\t\t\t\t\t\t\t\t\t<\/div>\n\t\t\t\t<div class=\"elementor-element elementor-element-55ed831 elementor-widget elementor-widget-text-editor\" data-id=\"55ed831\" data-element_type=\"widget\" data-widget_type=\"text-editor.default\">\n\t\t\t\t\t\t\t\t\t<p><a href=\"https:\/\/karalargrup.com\/index.php\/elektrik-aydinlatma-parcalari\/\">Elektrik \/ Ayd\u0131nlatma Par\u00e7alar\u0131<\/a><\/p>\t\t\t\t\t\t\t\t<\/div>\n\t\t\t\t<\/div>\n\t\t<div class=\"elementor-element elementor-element-6912ba8 e-con-full e-flex e-con e-child\" data-id=\"6912ba8\" data-element_type=\"container\">\n\t\t\t\t<div class=\"elementor-element elementor-element-728c289 elementor-widget elementor-widget-image\" data-id=\"728c289\" data-element_type=\"widget\" data-widget_type=\"image.default\">\n\t\t\t\t\t\t\t\t\t\t\t\t\t\t\t\t<a href=\"https:\/\/karalargrup.com\/index.php\/kaporta-parcalari\/\">\n\t\t\t\t\t\t\t<img loading=\"lazy\" decoding=\"async\" width=\"387\" height=\"304\" src=\"https:\/\/karalargrup.com\/wp-content\/uploads\/2025\/11\/kaporta-parts.jpeg\" class=\"attachment-large size-large wp-image-1029\" alt=\"\" srcset=\"https:\/\/karalargrup.com\/wp-content\/uploads\/2025\/11\/kaporta-parts.jpeg 387w, https:\/\/karalargrup.com\/wp-content\/uploads\/2025\/11\/kaporta-parts-300x236.jpeg 300w, https:\/\/karalargrup.com\/wp-content\/uploads\/2025\/11\/kaporta-parts-95x75.jpeg 95w\" sizes=\"(max-width:767px) 387px, 387px\" \/>\t\t\t\t\t\t\t\t<\/a>\n\t\t\t\t\t\t\t\t\t\t\t\t\t\t\t<\/div>\n\t\t\t\t<div class=\"elementor-element elementor-element-0826d62 elementor-widget elementor-widget-text-editor\" data-id=\"0826d62\" data-element_type=\"widget\" data-widget_type=\"text-editor.default\">\n\t\t\t\t\t\t\t\t\t<p><a href=\"https:\/\/karalargrup.com\/index.php\/kaporta-parcalari\/\">Kaporta Par\u00e7alar\u0131<\/a><\/p>\t\t\t\t\t\t\t\t<\/div>\n\t\t\t\t<\/div>\n\t\t\t\t\t<\/div>\n\t\t\t\t<\/div>\n\t\t<div class=\"elementor-element elementor-element-1a485d0 e-flex e-con-boxed e-con e-parent\" data-id=\"1a485d0\" data-element_type=\"container\">\n\t\t\t\t\t<div class=\"e-con-inner\">\n\t\t<div class=\"elementor-element elementor-element-16c57fc e-con-full e-flex e-con e-child\" data-id=\"16c57fc\" data-element_type=\"container\">\n\t\t\t\t<div class=\"elementor-element elementor-element-cebb838 elementor-widget elementor-widget-image\" data-id=\"cebb838\" data-element_type=\"widget\" data-widget_type=\"image.default\">\n\t\t\t\t\t\t\t\t\t\t\t\t\t\t\t\t<a href=\"https:\/\/karalargrup.com\/index.php\/sarf-malzemeler\/\">\n\t\t\t\t\t\t\t<img loading=\"lazy\" decoding=\"async\" width=\"387\" height=\"304\" src=\"https:\/\/karalargrup.com\/wp-content\/uploads\/2025\/11\/yaglar.jpeg\" class=\"attachment-large size-large wp-image-1028\" alt=\"\" srcset=\"https:\/\/karalargrup.com\/wp-content\/uploads\/2025\/11\/yaglar.jpeg 387w, https:\/\/karalargrup.com\/wp-content\/uploads\/2025\/11\/yaglar-300x236.jpeg 300w, https:\/\/karalargrup.com\/wp-content\/uploads\/2025\/11\/yaglar-95x75.jpeg 95w\" sizes=\"(max-width:767px) 387px, 387px\" \/>\t\t\t\t\t\t\t\t<\/a>\n\t\t\t\t\t\t\t\t\t\t\t\t\t\t\t<\/div>\n\t\t\t\t<div class=\"elementor-element elementor-element-5d1a710 elementor-widget elementor-widget-text-editor\" data-id=\"5d1a710\" data-element_type=\"widget\" data-widget_type=\"text-editor.default\">\n\t\t\t\t\t\t\t\t\t<p><a href=\"https:\/\/karalargrup.com\/index.php\/sarf-malzemeler\/\">Ya\u011flar<\/a><\/p>\t\t\t\t\t\t\t\t<\/div>\n\t\t\t\t<\/div>\n\t\t\t\t\t<\/div>\n\t\t\t\t<\/div>\n\t\t\t\t<\/div>\n\t\t","protected":false},"excerpt":{"rendered":"<p>KARALAR OTO YEDEK PAR\u00c7A Her marka ve model araca uygun binlerce orijinal ve yan sanayi yedek par\u00e7a se\u00e7ene\u011fi. 7\/24 \u00e7evrimi\u00e7i destek ve profesyonel servis hizmetiyle daima<span class=\"excerpt-hellip\"> [\u2026]<\/span><\/p>\n","protected":false},"author":1,"featured_media":0,"parent":0,"menu_order":0,"comment_status":"closed","ping_status":"closed","template":"","meta":{"footnotes":""},"class_list":["post-1040","page","type-page","status-publish","hentry"],"_links":{"self":[{"href":"https:\/\/karalargrup.com\/index.php\/wp-json\/wp\/v2\/pages\/1040","targetHints":{"allow":["GET"]}}],"collection":[{"href":"https:\/\/karalargrup.com\/index.php\/wp-json\/wp\/v2\/pages"}],"about":[{"href":"https:\/\/karalargrup.com\/index.php\/wp-json\/wp\/v2\/types\/page"}],"author":[{"embeddable":true,"href":"https:\/\/karalargrup.com\/index.php\/wp-json\/wp\/v2\/users\/1"}],"replies":[{"embeddable":true,"href":"https:\/\/karalargrup.com\/index.php\/wp-json\/wp\/v2\/comments?post=1040"}],"version-history":[{"count":101,"href":"https:\/\/karalargrup.com\/index.php\/wp-json\/wp\/v2\/pages\/1040\/revisions"}],"predecessor-version":[{"id":1437,"href":"https:\/\/karalargrup.com\/index.php\/wp-json\/wp\/v2\/pages\/1040\/revisions\/1437"}],"wp:attachment":[{"href":"https:\/\/karalargrup.com\/index.php\/wp-json\/wp\/v2\/media?parent=1040"}],"curies":[{"name":"wp","href":"https:\/\/api.w.org\/{rel}","templated":true}]}}