{"id":1052,"date":"2025-11-23T00:31:51","date_gmt":"2025-11-23T00:31:51","guid":{"rendered":"https:\/\/priceless-merkle.213-158-90-48.plesk.page\/?page_id=1052"},"modified":"2025-11-23T10:43:04","modified_gmt":"2025-11-23T10:43:04","slug":"motor-parcalari","status":"publish","type":"page","link":"https:\/\/karalargrup.com\/index.php\/motor-parcalari\/","title":{"rendered":"Motor Par\u00e7alar\u0131"},"content":{"rendered":"\t\t<div data-elementor-type=\"wp-page\" data-elementor-id=\"1052\" class=\"elementor elementor-1052\">\n\t\t\t\t\t\t<section class=\"elementor-section elementor-top-section elementor-element elementor-element-96dc9f1 elementor-section-height-min-height elementor-section-items-bottom elementor-section-stretched elementor-section-boxed elementor-section-height-default\" data-id=\"96dc9f1\" data-element_type=\"section\" data-settings=\"{&quot;stretch_section&quot;:&quot;section-stretched&quot;,&quot;background_background&quot;:&quot;classic&quot;}\">\n\t\t\t\t\t\t<div class=\"elementor-container elementor-column-gap-wider\">\n\t\t\t\t\t<div class=\"elementor-column elementor-col-100 elementor-top-column elementor-element elementor-element-f0acff9\" data-id=\"f0acff9\" data-element_type=\"column\">\n\t\t\t<div class=\"elementor-widget-wrap elementor-element-populated\">\n\t\t\t\t\t\t<section class=\"elementor-section elementor-inner-section elementor-element elementor-element-076560c elementor-hidden-desktop elementor-hidden-tablet elementor-hidden-mobile elementor-section-boxed elementor-section-height-default elementor-section-height-default\" data-id=\"076560c\" data-element_type=\"section\">\n\t\t\t\t\t\t<div class=\"elementor-container elementor-column-gap-default\">\n\t\t\t\t\t<div class=\"elementor-column elementor-col-100 elementor-inner-column elementor-element elementor-element-52e5bd4\" data-id=\"52e5bd4\" data-element_type=\"column\">\n\t\t\t<div class=\"elementor-widget-wrap elementor-element-populated\">\n\t\t\t\t\t\t<div class=\"elementor-element elementor-element-e3cd7d6 elementor-widget__width-auto elementor-invisible elementor-widget elementor-widget-heading\" data-id=\"e3cd7d6\" data-element_type=\"widget\" data-settings=\"{&quot;_animation&quot;:&quot;fadeInUp&quot;}\" data-widget_type=\"heading.default\">\n\t\t\t\t\t<h2 class=\"elementor-heading-title elementor-size-default\">Motor Par\u00e7alar\u0131<\/h2>\t\t\t\t<\/div>\n\t\t\t\t\t<\/div>\n\t\t<\/div>\n\t\t\t\t\t<\/div>\n\t\t<\/section>\n\t\t\t\t\t<\/div>\n\t\t<\/div>\n\t\t\t\t\t<\/div>\n\t\t<\/section>\n\t\t<div class=\"elementor-element elementor-element-911ff68 e-con-full e-flex e-con e-parent\" data-id=\"911ff68\" data-element_type=\"container\">\n\t\t\t\t<div class=\"elementor-element elementor-element-40bea0d elementor-widget elementor-widget-heading\" data-id=\"40bea0d\" data-element_type=\"widget\" data-widget_type=\"heading.default\">\n\t\t\t\t\t<h1 class=\"elementor-heading-title elementor-size-default\">Motor Par\u00e7alar\u0131<\/h1>\t\t\t\t<\/div>\n\t\t\t\t<div class=\"elementor-element elementor-element-6e76ef9 elementor-widget elementor-widget-text-editor\" data-id=\"6e76ef9\" data-element_type=\"widget\" data-widget_type=\"text-editor.default\">\n\t\t\t\t\t\t\t\t\t<section><p data-start=\"82\" data-end=\"213\">Yak\u0131tta depolanan \u0131s\u0131 enerjisini, \u00e7e\u015fitli mekanik d\u00fczenekler arac\u0131l\u0131\u011f\u0131yla hareket enerjisine d\u00f6n\u00fc\u015ft\u00fcren makinelere <strong data-start=\"197\" data-end=\"206\">motor<\/strong> denir.<\/p><p data-start=\"215\" data-end=\"496\">\u0130\u00e7ten yanmal\u0131 bir motor genel olarak; silindir kapa\u011f\u0131, motor blo\u011fu ve ya\u011f karteri gibi temel g\u00f6vde elemanlar\u0131ndan olu\u015fur. Bu yap\u0131y\u0131 olu\u015fturan par\u00e7alar incelenirken \u00e7o\u011fu zaman <strong data-start=\"390\" data-end=\"417\">\u201csabit motor par\u00e7alar\u0131\u201d<\/strong> ve <strong data-start=\"421\" data-end=\"452\">\u201chareketli motor par\u00e7alar\u0131\u201d<\/strong> olmak \u00fczere iki ana grupta de\u011ferlendirilir.<\/p><p><strong>Sabit motor par\u00e7alar\u0131:<\/strong><br \/>Motor blo\u011fu, silindir kapa\u011f\u0131, \u00fcst kapak (k\u00fclb\u00fct\u00f6r kapa\u011f\u0131), emme manifoldu, egzoz manifoldu, karter.<\/p><p><strong>Hareketli motor par\u00e7alar\u0131:<\/strong><br \/>Piston, biyel kolu, krank mili, eksantrik (kam) mili, supaplar (emme ve egzoz).<\/p><div><div><ul><li>Conta \/ Ke\u00e7e \u00c7e\u015fitleri<\/li><li>Eksantrik Zincirleri Eksoz Susturucu \/ Katalizat\u00f6r<\/li><li>Hava Filtre Kutular\u0131<\/li><li>Hava Filtreleri<\/li><li>Hava Filtre Kancalar\u0131<\/li><li>Krank Kasnaklar\u0131<\/li><li>Mazot \/ Benzin Otomatikleri<\/li><li>Motor Gergi Yaylar\u0131<\/li><li>Muhtelif Par\u00e7alar<\/li><li>Piston Kollar\u0131<\/li><\/ul><\/div><div><ul><li>Polen Filtreleri<\/li><li>Silindir Kapak Rekorlar\u0131<\/li><li>Silindir Kapaklar\u0131<\/li><li>Tak\u0131m Contalar<\/li><li>Termostat Conta \u00c7e\u015fitleri<\/li><li>Termostat G\u00f6vdeleri<\/li><li>Termostatlar<\/li><li>Ya\u011f Filtre Kapaklar\u0131<\/li><li>Ya\u011f Filtreleri<\/li><li>Ya\u011f Karterleri<\/li><li>Yak\u0131t Filtreleri<\/li><\/ul><\/div><\/div><\/section>\t\t\t\t\t\t\t\t<\/div>\n\t\t\t\t<\/div>\n\t\t\t\t<\/div>\n\t\t","protected":false},"excerpt":{"rendered":"<p>Motor Par\u00e7alar\u0131 Motor Par\u00e7alar\u0131 Yak\u0131tta depolanan \u0131s\u0131 enerjisini, \u00e7e\u015fitli mekanik d\u00fczenekler arac\u0131l\u0131\u011f\u0131yla hareket enerjisine d\u00f6n\u00fc\u015ft\u00fcren makinelere motor denir. \u0130\u00e7ten yanmal\u0131 bir motor genel olarak; silindir kapa\u011f\u0131,<span class=\"excerpt-hellip\"> [\u2026]<\/span><\/p>\n","protected":false},"author":1,"featured_media":0,"parent":0,"menu_order":0,"comment_status":"closed","ping_status":"closed","template":"","meta":{"footnotes":""},"class_list":["post-1052","page","type-page","status-publish","hentry"],"_links":{"self":[{"href":"https:\/\/karalargrup.com\/index.php\/wp-json\/wp\/v2\/pages\/1052","targetHints":{"allow":["GET"]}}],"collection":[{"href":"https:\/\/karalargrup.com\/index.php\/wp-json\/wp\/v2\/pages"}],"about":[{"href":"https:\/\/karalargrup.com\/index.php\/wp-json\/wp\/v2\/types\/page"}],"author":[{"embeddable":true,"href":"https:\/\/karalargrup.com\/index.php\/wp-json\/wp\/v2\/users\/1"}],"replies":[{"embeddable":true,"href":"https:\/\/karalargrup.com\/index.php\/wp-json\/wp\/v2\/comments?post=1052"}],"version-history":[{"count":50,"href":"https:\/\/karalargrup.com\/index.php\/wp-json\/wp\/v2\/pages\/1052\/revisions"}],"predecessor-version":[{"id":1285,"href":"https:\/\/karalargrup.com\/index.php\/wp-json\/wp\/v2\/pages\/1052\/revisions\/1285"}],"wp:attachment":[{"href":"https:\/\/karalargrup.com\/index.php\/wp-json\/wp\/v2\/media?parent=1052"}],"curies":[{"name":"wp","href":"https:\/\/api.w.org\/{rel}","templated":true}]}}