{"id":1058,"date":"2025-11-23T00:38:40","date_gmt":"2025-11-23T00:38:40","guid":{"rendered":"https:\/\/priceless-merkle.213-158-90-48.plesk.page\/?page_id=1058"},"modified":"2025-11-23T18:46:48","modified_gmt":"2025-11-23T18:46:48","slug":"fren-parcalari","status":"publish","type":"page","link":"https:\/\/karalargrup.com\/index.php\/fren-parcalari\/","title":{"rendered":"Fren Par\u00e7alar\u0131"},"content":{"rendered":"\t\t<div data-elementor-type=\"wp-page\" data-elementor-id=\"1058\" class=\"elementor elementor-1058\">\n\t\t\t\t\t\t<section class=\"elementor-section elementor-top-section elementor-element elementor-element-580f502 elementor-section-height-min-height elementor-section-items-bottom elementor-section-stretched elementor-section-boxed elementor-section-height-default\" data-id=\"580f502\" data-element_type=\"section\" data-settings=\"{&quot;stretch_section&quot;:&quot;section-stretched&quot;,&quot;background_background&quot;:&quot;classic&quot;}\">\n\t\t\t\t\t\t<div class=\"elementor-container elementor-column-gap-wider\">\n\t\t\t\t\t<div class=\"elementor-column elementor-col-100 elementor-top-column elementor-element elementor-element-2fac7f3\" data-id=\"2fac7f3\" data-element_type=\"column\">\n\t\t\t<div class=\"elementor-widget-wrap elementor-element-populated\">\n\t\t\t\t\t\t<section class=\"elementor-section elementor-inner-section elementor-element elementor-element-f944351 elementor-hidden-desktop elementor-hidden-tablet elementor-hidden-mobile elementor-section-boxed elementor-section-height-default elementor-section-height-default\" data-id=\"f944351\" data-element_type=\"section\">\n\t\t\t\t\t\t<div class=\"elementor-container elementor-column-gap-default\">\n\t\t\t\t\t<div class=\"elementor-column elementor-col-100 elementor-inner-column elementor-element elementor-element-c6eb962\" data-id=\"c6eb962\" data-element_type=\"column\">\n\t\t\t<div class=\"elementor-widget-wrap elementor-element-populated\">\n\t\t\t\t\t\t<div class=\"elementor-element elementor-element-0f0c6e6 elementor-widget__width-auto elementor-invisible elementor-widget elementor-widget-heading\" data-id=\"0f0c6e6\" data-element_type=\"widget\" data-settings=\"{&quot;_animation&quot;:&quot;fadeInUp&quot;}\" data-widget_type=\"heading.default\">\n\t\t\t\t\t<h2 class=\"elementor-heading-title elementor-size-default\">Motor Par\u00e7alar\u0131<\/h2>\t\t\t\t<\/div>\n\t\t\t\t\t<\/div>\n\t\t<\/div>\n\t\t\t\t\t<\/div>\n\t\t<\/section>\n\t\t\t\t\t<\/div>\n\t\t<\/div>\n\t\t\t\t\t<\/div>\n\t\t<\/section>\n\t\t<div class=\"elementor-element elementor-element-724d24e e-con-full e-flex e-con e-parent\" data-id=\"724d24e\" data-element_type=\"container\">\n\t\t\t\t<div class=\"elementor-element elementor-element-11dc887 elementor-widget elementor-widget-heading\" data-id=\"11dc887\" data-element_type=\"widget\" data-widget_type=\"heading.default\">\n\t\t\t\t\t<h2 class=\"elementor-heading-title elementor-size-default\">Fren Par\u00e7alar\u0131<\/h2>\t\t\t\t<\/div>\n\t\t\t\t<div class=\"elementor-element elementor-element-f2f219d elementor-widget elementor-widget-text-editor\" data-id=\"f2f219d\" data-element_type=\"widget\" data-widget_type=\"text-editor.default\">\n\t\t\t\t\t\t\t\t\t<section><p data-start=\"20\" data-end=\"177\">Bir arac\u0131n hareketini yava\u015flatan, tamamen durduran ya da park h\u00e2lindeyken sabit kalmas\u0131n\u0131 sa\u011flayan en kritik g\u00fcvenlik eleman\u0131na <strong data-start=\"148\" data-end=\"164\">fren sistemi<\/strong> ad\u0131 verilir.<\/p><p data-start=\"179\" data-end=\"567\">G\u00fcvenli bir \u015fekilde durabilmesi i\u00e7in ara\u00e7ta \u00fcretilen fren kuvvetinin, motorun \u00fcretti\u011fi itici g\u00fc\u00e7ten daha y\u00fcksek olmas\u0131 gerekir. Hareket eden her arac\u0131n bir <strong data-start=\"335\" data-end=\"355\">kinetik enerjisi<\/strong> vard\u0131r; bu enerji, cismin k\u00fctlesi ile h\u0131z\u0131n\u0131n karesinin \u00e7arp\u0131m\u0131n\u0131n yar\u0131s\u0131 \u015feklinde ifade edilir. Ara\u00e7 a\u011f\u0131rla\u015ft\u0131k\u00e7a ya da h\u0131z\u0131 artt\u0131k\u00e7a, sahip oldu\u011fu kinetik enerji de ayn\u0131 oranda y\u00fckselir ve fren ihtiyac\u0131 b\u00fcy\u00fcr.<\/p><p><strong>Fren Sistemi \u00c7e\u015fitleri;<\/strong>\u00a0Mekanik, hidrolik, haval\u0131 ve elektrikli frenler olmak \u00fczere d\u00f6rt k\u0131s\u0131mda de\u011ferlendirilir.<\/p><div class=\"row\"><div class=\"col-md-6\"><ul class=\"list-gradient \"><li>Arka Fren Balatalar\u0131<\/li><li>Arka Fren Yay \/ Vida Tkm Balata Fi\u015fleri<\/li><li>Bijonlar<\/li><li>Fren Ana Merkezleri Fren Silindirleri<\/li><li>Kaliper Par\u00e7alar\u0131<\/li><\/ul><\/div><div class=\"col-md-6\"><ul class=\"list-gradient \"><li>Kaliper Tamir Tkm Kaliperler<\/li><li>Kampanalar<\/li><li>Kundaklar<\/li><li>\u00d6n Fren Balatalar\u0131<\/li><li>\u00d6n Fren Disk Aynalar\u0131<\/li><li>Vakum Pompa Tamir Tkm<\/li><li>Vakum Pompalar<\/li><\/ul><\/div><\/div><\/section>\t\t\t\t\t\t\t\t<\/div>\n\t\t\t\t<\/div>\n\t\t\t\t<\/div>\n\t\t","protected":false},"excerpt":{"rendered":"<p>Motor Par\u00e7alar\u0131 Fren Par\u00e7alar\u0131 Bir arac\u0131n hareketini yava\u015flatan, tamamen durduran ya da park h\u00e2lindeyken sabit kalmas\u0131n\u0131 sa\u011flayan en kritik g\u00fcvenlik eleman\u0131na fren sistemi ad\u0131 verilir. G\u00fcvenli<span class=\"excerpt-hellip\"> [\u2026]<\/span><\/p>\n","protected":false},"author":1,"featured_media":0,"parent":0,"menu_order":0,"comment_status":"closed","ping_status":"closed","template":"","meta":{"footnotes":""},"class_list":["post-1058","page","type-page","status-publish","hentry"],"_links":{"self":[{"href":"https:\/\/karalargrup.com\/index.php\/wp-json\/wp\/v2\/pages\/1058","targetHints":{"allow":["GET"]}}],"collection":[{"href":"https:\/\/karalargrup.com\/index.php\/wp-json\/wp\/v2\/pages"}],"about":[{"href":"https:\/\/karalargrup.com\/index.php\/wp-json\/wp\/v2\/types\/page"}],"author":[{"embeddable":true,"href":"https:\/\/karalargrup.com\/index.php\/wp-json\/wp\/v2\/users\/1"}],"replies":[{"embeddable":true,"href":"https:\/\/karalargrup.com\/index.php\/wp-json\/wp\/v2\/comments?post=1058"}],"version-history":[{"count":13,"href":"https:\/\/karalargrup.com\/index.php\/wp-json\/wp\/v2\/pages\/1058\/revisions"}],"predecessor-version":[{"id":1386,"href":"https:\/\/karalargrup.com\/index.php\/wp-json\/wp\/v2\/pages\/1058\/revisions\/1386"}],"wp:attachment":[{"href":"https:\/\/karalargrup.com\/index.php\/wp-json\/wp\/v2\/media?parent=1058"}],"curies":[{"name":"wp","href":"https:\/\/api.w.org\/{rel}","templated":true}]}}