{"id":1063,"date":"2025-11-23T00:41:47","date_gmt":"2025-11-23T00:41:47","guid":{"rendered":"https:\/\/priceless-merkle.213-158-90-48.plesk.page\/?page_id=1063"},"modified":"2025-11-23T18:49:21","modified_gmt":"2025-11-23T18:49:21","slug":"on-takim-rulman-parcalari","status":"publish","type":"page","link":"https:\/\/karalargrup.com\/index.php\/on-takim-rulman-parcalari\/","title":{"rendered":"\u00d6n Tak\u0131m \/ Rulman Par\u00e7alar\u0131"},"content":{"rendered":"\t\t<div data-elementor-type=\"wp-page\" data-elementor-id=\"1063\" class=\"elementor elementor-1063\">\n\t\t\t\t\t\t<section class=\"elementor-section elementor-top-section elementor-element elementor-element-4015082 elementor-section-height-min-height elementor-section-items-bottom elementor-section-stretched elementor-section-boxed elementor-section-height-default\" data-id=\"4015082\" data-element_type=\"section\" data-settings=\"{&quot;stretch_section&quot;:&quot;section-stretched&quot;,&quot;background_background&quot;:&quot;classic&quot;}\">\n\t\t\t\t\t\t<div class=\"elementor-container elementor-column-gap-wider\">\n\t\t\t\t\t<div class=\"elementor-column elementor-col-100 elementor-top-column elementor-element elementor-element-162b9f1\" data-id=\"162b9f1\" data-element_type=\"column\">\n\t\t\t<div class=\"elementor-widget-wrap elementor-element-populated\">\n\t\t\t\t\t\t<section class=\"elementor-section elementor-inner-section elementor-element elementor-element-b35d79c elementor-hidden-desktop elementor-hidden-tablet elementor-hidden-mobile elementor-section-boxed elementor-section-height-default elementor-section-height-default\" data-id=\"b35d79c\" data-element_type=\"section\">\n\t\t\t\t\t\t<div class=\"elementor-container elementor-column-gap-default\">\n\t\t\t\t\t<div class=\"elementor-column elementor-col-100 elementor-inner-column elementor-element elementor-element-2120690\" data-id=\"2120690\" data-element_type=\"column\">\n\t\t\t<div class=\"elementor-widget-wrap elementor-element-populated\">\n\t\t\t\t\t\t<div class=\"elementor-element elementor-element-3cfe315 elementor-widget__width-auto elementor-invisible elementor-widget elementor-widget-heading\" data-id=\"3cfe315\" data-element_type=\"widget\" data-settings=\"{&quot;_animation&quot;:&quot;fadeInUp&quot;}\" data-widget_type=\"heading.default\">\n\t\t\t\t\t<h2 class=\"elementor-heading-title elementor-size-default\">Motor Par\u00e7alar\u0131<\/h2>\t\t\t\t<\/div>\n\t\t\t\t\t<\/div>\n\t\t<\/div>\n\t\t\t\t\t<\/div>\n\t\t<\/section>\n\t\t\t\t\t<\/div>\n\t\t<\/div>\n\t\t\t\t\t<\/div>\n\t\t<\/section>\n\t\t<div class=\"elementor-element elementor-element-7371e93 e-flex e-con-boxed e-con e-parent\" data-id=\"7371e93\" data-element_type=\"container\">\n\t\t\t\t\t<div class=\"e-con-inner\">\n\t\t\t\t<div class=\"elementor-element elementor-element-0ad5565 elementor-widget elementor-widget-heading\" data-id=\"0ad5565\" data-element_type=\"widget\" data-widget_type=\"heading.default\">\n\t\t\t\t\t<h1 class=\"elementor-heading-title elementor-size-default\">\u00d6n Tak\u0131m \/ Rulman Par\u00e7alar\u0131<\/h1>\t\t\t\t<\/div>\n\t\t\t\t<div class=\"elementor-element elementor-element-211aa3b elementor-widget elementor-widget-text-editor\" data-id=\"211aa3b\" data-element_type=\"widget\" data-widget_type=\"text-editor.default\">\n\t\t\t\t\t\t\t\t\t<section><p>Rot, rot ba\u015f\u0131, sonsuz di\u015flisi, amortis\u00f6r gibi par\u00e7alardan olu\u015fan\u00a0<strong>\u00f6n tak\u0131m sistemi<\/strong>; s\u00fcr\u00fcc\u00fclerin direksiyon hareketleri vas\u0131tas\u0131yla iletti\u011fi komutlar\u0131 sonsuz di\u015flisi arac\u0131l\u0131\u011f\u0131yla tekerleklere ula\u015ft\u0131r\u0131r. Bu sistemin sorunsuz bir \u015fekilde \u00e7al\u0131\u015f\u0131yor olmas\u0131, s\u00fcr\u00fc\u015f g\u00fcvenli\u011fi i\u00e7in olduk\u00e7a \u00f6nemlidir.\u00a0<\/p><p><strong>Rulman<\/strong>, yuvarlanma s\u00fcrt\u00fcnmesi sa\u011flayarak kayma s\u00fcrt\u00fcnmesini engelleyen, b\u00f6ylece enerji kay\u0131plar\u0131n\u0131 azaltan yataklar ve mulyular aras\u0131nda yer alan makine par\u00e7as\u0131d\u0131r. Rulman d\u00f6nen her par\u00e7ada yer alabilir. Motor par\u00e7alar\u0131ndan sunroofa kadar bir \u00e7ok yerde kullan\u0131labilir.<\/p><div class=\"row\"><div class=\"col-md-6\"><ul class=\"list-gradient \"><li>Sabit H\u0131z Mafsal\u0131<\/li><li>Su\u0308spansiyon Alt Kolu<\/li><li>Direksiyon Mafsal\u0131<\/li><li>Direksiyon Pompas\u0131<\/li><li>Direksiyonlar<\/li><li>Direksiyon<\/li><li>Onar\u0131m Kiti<\/li><\/ul><\/div><div class=\"col-md-6\"><ul class=\"list-gradient \"><li>Direksiyon Kasna\u011f\u0131<\/li><li>Yay<\/li><li>AksYaylar<\/li><li>\u00d6n Amortis\u00f6rler<\/li><li>\u00d6n Aks<\/li><li>Poryalar<\/li><li>Ba\u011flant\u0131 \u00c7ubu\u011fu U\u00e7lar\u0131 \/ Rot Mili<\/li><li>Ba\u011flant\u0131 Denge \u00c7ubu\u011fu<\/li><\/ul><\/div><\/div><\/section>\t\t\t\t\t\t\t\t<\/div>\n\t\t\t\t\t<\/div>\n\t\t\t\t<\/div>\n\t\t\t\t<\/div>\n\t\t","protected":false},"excerpt":{"rendered":"<p>Motor Par\u00e7alar\u0131 \u00d6n Tak\u0131m \/ Rulman Par\u00e7alar\u0131 Rot, rot ba\u015f\u0131, sonsuz di\u015flisi, amortis\u00f6r gibi par\u00e7alardan olu\u015fan\u00a0\u00f6n tak\u0131m sistemi; s\u00fcr\u00fcc\u00fclerin direksiyon hareketleri vas\u0131tas\u0131yla iletti\u011fi komutlar\u0131 sonsuz di\u015flisi<span class=\"excerpt-hellip\"> [\u2026]<\/span><\/p>\n","protected":false},"author":1,"featured_media":0,"parent":0,"menu_order":0,"comment_status":"closed","ping_status":"closed","template":"","meta":{"footnotes":""},"class_list":["post-1063","page","type-page","status-publish","hentry"],"_links":{"self":[{"href":"https:\/\/karalargrup.com\/index.php\/wp-json\/wp\/v2\/pages\/1063","targetHints":{"allow":["GET"]}}],"collection":[{"href":"https:\/\/karalargrup.com\/index.php\/wp-json\/wp\/v2\/pages"}],"about":[{"href":"https:\/\/karalargrup.com\/index.php\/wp-json\/wp\/v2\/types\/page"}],"author":[{"embeddable":true,"href":"https:\/\/karalargrup.com\/index.php\/wp-json\/wp\/v2\/users\/1"}],"replies":[{"embeddable":true,"href":"https:\/\/karalargrup.com\/index.php\/wp-json\/wp\/v2\/comments?post=1063"}],"version-history":[{"count":10,"href":"https:\/\/karalargrup.com\/index.php\/wp-json\/wp\/v2\/pages\/1063\/revisions"}],"predecessor-version":[{"id":1389,"href":"https:\/\/karalargrup.com\/index.php\/wp-json\/wp\/v2\/pages\/1063\/revisions\/1389"}],"wp:attachment":[{"href":"https:\/\/karalargrup.com\/index.php\/wp-json\/wp\/v2\/media?parent=1063"}],"curies":[{"name":"wp","href":"https:\/\/api.w.org\/{rel}","templated":true}]}}