{"id":1068,"date":"2025-11-23T00:43:02","date_gmt":"2025-11-23T00:43:02","guid":{"rendered":"https:\/\/priceless-merkle.213-158-90-48.plesk.page\/?page_id=1068"},"modified":"2025-11-23T18:51:01","modified_gmt":"2025-11-23T18:51:01","slug":"debriyaj-defransiyel-parcalari","status":"publish","type":"page","link":"https:\/\/karalargrup.com\/index.php\/debriyaj-defransiyel-parcalari\/","title":{"rendered":"Debriyaj\/Defransiyel Par\u00e7alar\u0131"},"content":{"rendered":"\t\t<div data-elementor-type=\"wp-page\" data-elementor-id=\"1068\" class=\"elementor elementor-1068\">\n\t\t\t\t\t\t<section class=\"elementor-section elementor-top-section elementor-element elementor-element-867a6a4 elementor-section-height-min-height elementor-section-items-bottom elementor-section-stretched elementor-section-boxed elementor-section-height-default\" data-id=\"867a6a4\" data-element_type=\"section\" data-settings=\"{&quot;stretch_section&quot;:&quot;section-stretched&quot;,&quot;background_background&quot;:&quot;classic&quot;}\">\n\t\t\t\t\t\t<div class=\"elementor-container elementor-column-gap-wider\">\n\t\t\t\t\t<div class=\"elementor-column elementor-col-100 elementor-top-column elementor-element elementor-element-7972bfa\" data-id=\"7972bfa\" data-element_type=\"column\">\n\t\t\t<div class=\"elementor-widget-wrap elementor-element-populated\">\n\t\t\t\t\t\t<section class=\"elementor-section elementor-inner-section elementor-element elementor-element-8e456ae elementor-hidden-desktop elementor-hidden-tablet elementor-hidden-mobile elementor-section-boxed elementor-section-height-default elementor-section-height-default\" data-id=\"8e456ae\" data-element_type=\"section\">\n\t\t\t\t\t\t<div class=\"elementor-container elementor-column-gap-default\">\n\t\t\t\t\t<div class=\"elementor-column elementor-col-100 elementor-inner-column elementor-element elementor-element-80278ce\" data-id=\"80278ce\" data-element_type=\"column\">\n\t\t\t<div class=\"elementor-widget-wrap elementor-element-populated\">\n\t\t\t\t\t\t<div class=\"elementor-element elementor-element-b60cf57 elementor-widget__width-auto elementor-invisible elementor-widget elementor-widget-heading\" data-id=\"b60cf57\" data-element_type=\"widget\" data-settings=\"{&quot;_animation&quot;:&quot;fadeInUp&quot;}\" data-widget_type=\"heading.default\">\n\t\t\t\t\t<h2 class=\"elementor-heading-title elementor-size-default\">Motor Par\u00e7alar\u0131<\/h2>\t\t\t\t<\/div>\n\t\t\t\t\t<\/div>\n\t\t<\/div>\n\t\t\t\t\t<\/div>\n\t\t<\/section>\n\t\t\t\t\t<\/div>\n\t\t<\/div>\n\t\t\t\t\t<\/div>\n\t\t<\/section>\n\t\t<div class=\"elementor-element elementor-element-194bbe2 e-flex e-con-boxed e-con e-parent\" data-id=\"194bbe2\" data-element_type=\"container\">\n\t\t\t\t\t<div class=\"e-con-inner\">\n\t\t\t\t<div class=\"elementor-element elementor-element-c33ff2e elementor-widget elementor-widget-heading\" data-id=\"c33ff2e\" data-element_type=\"widget\" data-widget_type=\"heading.default\">\n\t\t\t\t\t<h1 class=\"elementor-heading-title elementor-size-default\">Debriyaj\/Defransiyel \nPar\u00e7alar\u0131<\/h1>\t\t\t\t<\/div>\n\t\t\t\t<div class=\"elementor-element elementor-element-b42fcab elementor-widget elementor-widget-text-editor\" data-id=\"b42fcab\" data-element_type=\"widget\" data-widget_type=\"text-editor.default\">\n\t\t\t\t\t\t\t\t\t<section><p><strong>Debriyaj<\/strong>\u0131n g\u00f6revi, motor \u00e7al\u0131\u015f\u0131rken motorun hareketini tekerleklere iletmek veya kesmektir. Temel par\u00e7alar\u0131; bask\u0131, balata ve bilyedir.\u00a0<\/p><p><strong>Defransiyel<\/strong>, \u015fafttan ald\u0131\u011f\u0131 hareketi 90 derece k\u0131r\u0131p tekerleklere iletir. Ara\u00e7 d\u00f6n\u00fc\u015f yaparken virajlarda, viraj\u0131n i\u00e7inde ve d\u0131\u015f\u0131nda kalan tekerleklerin farkl\u0131 h\u0131zlarda d\u00f6nebilmelerini sa\u011flar.Temel par\u00e7alar\u0131; ayna di\u015fli, mahruti di\u015fli, aks di\u015fli, pinyon di\u015fli, aks milidir.\u00a0<\/p><p><strong>\u015eanz\u0131man<\/strong>, motordan, bask\u0131 balata (kavrama) yolu ile ald\u0131\u011f\u0131 hareketi istenilen tork de\u011ferinde, \u015faft veya diferansiyele ileten aktarma organ\u0131d\u0131r. Ara\u00e7 dururken motorun \u00e7al\u0131\u015f\u0131r vaziyette kalmas\u0131n\u0131 sa\u011flar. Yol ve trafik durumuna g\u00f6re araca en uygun olan h\u0131z\u0131 ve torku (momenti) sa\u011flar, H\u0131zlanman\u0131n sa\u011flanmas\u0131 ve ge\u00e7irilen uygun vites ile y\u00fcksek h\u0131zlarda dahi ekonomik s\u00fcr\u00fc\u015f\u00fc m\u00fcmk\u00fcn k\u0131lar ve arac\u0131 ileri, geri hareket ettirir.\u00a0<\/p><p>\u015eanz\u0131manlar; d\u00fcz \u015fanz\u0131man (d\u00fcz vites, manuel vites), yar\u0131 otomatik \u015fanz\u0131man ve otomatik \u015fanz\u0131man (tork konvert\u00f6rl\u00fc) olmak \u00fczere \u00fc\u00e7 k\u0131sma ayr\u0131l\u0131r.<\/p><div class=\"row\"><div class=\"col-md-6\"><ul class=\"list-gradient \"><li>Aks Milleri<\/li><li>Arka Akslar<\/li><li>Ayna Mahrutiler<\/li><li>Debriyaj Alt \/ \u00dcst Merkezleri<\/li><li>Debriyaj C\u0131rc\u0131rlar\u0131<\/li><li>Debriyaj \u00c7atallar\u0131<\/li><li>Debriyaj Pedal\u0131 \/ Aksamlar\u0131<\/li><li>Defransiyel Par\u00e7alar\u0131<\/li><\/ul><\/div><div class=\"col-md-6\"><ul class=\"list-gradient \"><li>Dingil Tamir Tak\u0131mlar\u0131<\/li><li>Komple \u015eaftlar<\/li><li>Mafsal \u0130stavrozlar\u0131<\/li><li>\u015eanz\u0131man Senkromen\u00e7ler<\/li><li>\u015eaft Par\u00e7alar\u0131<\/li><li>\u0130stavroz Kutular\u0131<\/li><li>Vites Kollar\u0131<\/li><li>Vites K\u00f6ru\u0308k \u00c7e\u015fitleri<\/li><li>Volan Di\u015fli \u00c7e\u015fitleri Volanlar<\/li><li>Volanl\u0131 Debriyaj Setleri<\/li><\/ul><\/div><\/div><\/section>\t\t\t\t\t\t\t\t<\/div>\n\t\t\t\t\t<\/div>\n\t\t\t\t<\/div>\n\t\t\t\t<\/div>\n\t\t","protected":false},"excerpt":{"rendered":"<p>Motor Par\u00e7alar\u0131 Debriyaj\/Defransiyel Par\u00e7alar\u0131 Debriyaj\u0131n g\u00f6revi, motor \u00e7al\u0131\u015f\u0131rken motorun hareketini tekerleklere iletmek veya kesmektir. Temel par\u00e7alar\u0131; bask\u0131, balata ve bilyedir.\u00a0 Defransiyel, \u015fafttan ald\u0131\u011f\u0131 hareketi 90 derece<span class=\"excerpt-hellip\"> [\u2026]<\/span><\/p>\n","protected":false},"author":1,"featured_media":0,"parent":0,"menu_order":0,"comment_status":"closed","ping_status":"closed","template":"","meta":{"footnotes":""},"class_list":["post-1068","page","type-page","status-publish","hentry"],"_links":{"self":[{"href":"https:\/\/karalargrup.com\/index.php\/wp-json\/wp\/v2\/pages\/1068","targetHints":{"allow":["GET"]}}],"collection":[{"href":"https:\/\/karalargrup.com\/index.php\/wp-json\/wp\/v2\/pages"}],"about":[{"href":"https:\/\/karalargrup.com\/index.php\/wp-json\/wp\/v2\/types\/page"}],"author":[{"embeddable":true,"href":"https:\/\/karalargrup.com\/index.php\/wp-json\/wp\/v2\/users\/1"}],"replies":[{"embeddable":true,"href":"https:\/\/karalargrup.com\/index.php\/wp-json\/wp\/v2\/comments?post=1068"}],"version-history":[{"count":16,"href":"https:\/\/karalargrup.com\/index.php\/wp-json\/wp\/v2\/pages\/1068\/revisions"}],"predecessor-version":[{"id":1392,"href":"https:\/\/karalargrup.com\/index.php\/wp-json\/wp\/v2\/pages\/1068\/revisions\/1392"}],"wp:attachment":[{"href":"https:\/\/karalargrup.com\/index.php\/wp-json\/wp\/v2\/media?parent=1068"}],"curies":[{"name":"wp","href":"https:\/\/api.w.org\/{rel}","templated":true}]}}