{"id":1078,"date":"2025-11-23T00:46:03","date_gmt":"2025-11-23T00:46:03","guid":{"rendered":"https:\/\/priceless-merkle.213-158-90-48.plesk.page\/?page_id=1078"},"modified":"2025-11-23T19:12:58","modified_gmt":"2025-11-23T19:12:58","slug":"kaucuk-teller","status":"publish","type":"page","link":"https:\/\/karalargrup.com\/index.php\/kaucuk-teller\/","title":{"rendered":"Kau\u00e7uk Teller"},"content":{"rendered":"\t\t<div data-elementor-type=\"wp-page\" data-elementor-id=\"1078\" class=\"elementor elementor-1078\">\n\t\t\t\t\t\t<section class=\"elementor-section elementor-top-section elementor-element elementor-element-1fb6cbb elementor-section-height-min-height elementor-section-items-bottom elementor-section-stretched elementor-section-boxed elementor-section-height-default\" data-id=\"1fb6cbb\" data-element_type=\"section\" data-settings=\"{&quot;stretch_section&quot;:&quot;section-stretched&quot;,&quot;background_background&quot;:&quot;classic&quot;}\">\n\t\t\t\t\t\t<div class=\"elementor-container elementor-column-gap-wider\">\n\t\t\t\t\t<div class=\"elementor-column elementor-col-100 elementor-top-column elementor-element elementor-element-7964aba\" data-id=\"7964aba\" data-element_type=\"column\">\n\t\t\t<div class=\"elementor-widget-wrap elementor-element-populated\">\n\t\t\t\t\t\t<section class=\"elementor-section elementor-inner-section elementor-element elementor-element-413ffc4 elementor-hidden-desktop elementor-hidden-tablet elementor-hidden-mobile elementor-section-boxed elementor-section-height-default elementor-section-height-default\" data-id=\"413ffc4\" data-element_type=\"section\">\n\t\t\t\t\t\t<div class=\"elementor-container elementor-column-gap-default\">\n\t\t\t\t\t<div class=\"elementor-column elementor-col-100 elementor-inner-column elementor-element elementor-element-e3dfd1b\" data-id=\"e3dfd1b\" data-element_type=\"column\">\n\t\t\t<div class=\"elementor-widget-wrap elementor-element-populated\">\n\t\t\t\t\t\t<div class=\"elementor-element elementor-element-47251fc elementor-widget__width-auto elementor-invisible elementor-widget elementor-widget-heading\" data-id=\"47251fc\" data-element_type=\"widget\" data-settings=\"{&quot;_animation&quot;:&quot;fadeInUp&quot;}\" data-widget_type=\"heading.default\">\n\t\t\t\t\t<h2 class=\"elementor-heading-title elementor-size-default\">Motor Par\u00e7alar\u0131<\/h2>\t\t\t\t<\/div>\n\t\t\t\t\t<\/div>\n\t\t<\/div>\n\t\t\t\t\t<\/div>\n\t\t<\/section>\n\t\t\t\t\t<\/div>\n\t\t<\/div>\n\t\t\t\t\t<\/div>\n\t\t<\/section>\n\t\t<div class=\"elementor-element elementor-element-a82e897 e-flex e-con-boxed e-con e-parent\" data-id=\"a82e897\" data-element_type=\"container\">\n\t\t\t\t\t<div class=\"e-con-inner\">\n\t\t\t\t<div class=\"elementor-element elementor-element-82e4c5a elementor-widget elementor-widget-heading\" data-id=\"82e4c5a\" data-element_type=\"widget\" data-widget_type=\"heading.default\">\n\t\t\t\t\t<h1 class=\"elementor-heading-title elementor-size-default\">Kau\u00e7uk Teller<\/h1>\t\t\t\t<\/div>\n\t\t\t\t<div class=\"elementor-element elementor-element-c405196 elementor-widget elementor-widget-text-editor\" data-id=\"c405196\" data-element_type=\"widget\" data-widget_type=\"text-editor.default\">\n\t\t\t\t\t\t\t\t\t<section><p><strong>Debriyaj Teli<\/strong>nin g\u00f6revi, aktarma organ\u0131 olan \u015fanz\u0131man\u0131n vites kolu ile olan ge\u00e7i\u015flerini sa\u011flamakt\u0131r.\u00a0<\/p><p><strong>El Fren Teli<\/strong>nin g\u00f6revi, \u00e7ekildi\u011finde \u00f6zellikle arka tekerleklerdeki fren balatalar\u0131n\u0131 s\u0131k\u0131\u015ft\u0131rarak arac\u0131n durmas\u0131n\u0131 sa\u011flamakt\u0131r.\u00a0<\/p><p><strong>Di\u011fer Teller<\/strong>in(kaput teli, bagaj a\u00e7ma teli, depo kapak a\u00e7ma teli v.b) g\u00f6revleri ise k\u0131saca belirli mekanizmalar\u0131(motor kaputu, bagaj kapa\u011f\u0131, yak\u0131t depo kapa\u011f\u0131) kontrol etmek i\u00e7in kullan\u0131l\u0131r.<\/p><div class=\"row\"><div class=\"col-md-6\"><ul class=\"list-gradient \"><li>Bur\u00e7 \/Motor \/ \u015eanz\u0131man \/ Takoz<\/li><li>Debriyaj Telleri<\/li><li>El Fren Telleri Fren Hortumlar\u0131<\/li><li>Gaz Telleri<\/li><li>Gaz Teli Ma\u015falar\u0131<\/li><li>Kaput A\u00e7ma Telleri<\/li><\/ul><\/div><div class=\"col-md-6\"><ul class=\"list-gradient \"><li>Kalorifer\/ Radyator Hortumlar\u0131<\/li><li>Km Telleri<\/li><li>K\u00f6ru\u0308kler \/ Kitler<\/li><li>Rekorlu Hortum \/ Borular<\/li><li>\u015eaft Ask\u0131lar\u0131<\/li><li>Vites De\u011fitirme Braket Pimleri<\/li><li>Westighouse Hortumlar<\/li><\/ul><\/div><\/div><\/section>\t\t\t\t\t\t\t\t<\/div>\n\t\t\t\t\t<\/div>\n\t\t\t\t<\/div>\n\t\t\t\t<\/div>\n\t\t","protected":false},"excerpt":{"rendered":"<p>Motor Par\u00e7alar\u0131 Kau\u00e7uk Teller Debriyaj Telinin g\u00f6revi, aktarma organ\u0131 olan \u015fanz\u0131man\u0131n vites kolu ile olan ge\u00e7i\u015flerini sa\u011flamakt\u0131r.\u00a0 El Fren Telinin g\u00f6revi, \u00e7ekildi\u011finde \u00f6zellikle arka tekerleklerdeki fren<span class=\"excerpt-hellip\"> [\u2026]<\/span><\/p>\n","protected":false},"author":1,"featured_media":0,"parent":0,"menu_order":0,"comment_status":"closed","ping_status":"closed","template":"","meta":{"footnotes":""},"class_list":["post-1078","page","type-page","status-publish","hentry"],"_links":{"self":[{"href":"https:\/\/karalargrup.com\/index.php\/wp-json\/wp\/v2\/pages\/1078","targetHints":{"allow":["GET"]}}],"collection":[{"href":"https:\/\/karalargrup.com\/index.php\/wp-json\/wp\/v2\/pages"}],"about":[{"href":"https:\/\/karalargrup.com\/index.php\/wp-json\/wp\/v2\/types\/page"}],"author":[{"embeddable":true,"href":"https:\/\/karalargrup.com\/index.php\/wp-json\/wp\/v2\/users\/1"}],"replies":[{"embeddable":true,"href":"https:\/\/karalargrup.com\/index.php\/wp-json\/wp\/v2\/comments?post=1078"}],"version-history":[{"count":13,"href":"https:\/\/karalargrup.com\/index.php\/wp-json\/wp\/v2\/pages\/1078\/revisions"}],"predecessor-version":[{"id":1398,"href":"https:\/\/karalargrup.com\/index.php\/wp-json\/wp\/v2\/pages\/1078\/revisions\/1398"}],"wp:attachment":[{"href":"https:\/\/karalargrup.com\/index.php\/wp-json\/wp\/v2\/media?parent=1078"}],"curies":[{"name":"wp","href":"https:\/\/api.w.org\/{rel}","templated":true}]}}