{"id":1083,"date":"2025-11-23T00:47:12","date_gmt":"2025-11-23T00:47:12","guid":{"rendered":"https:\/\/priceless-merkle.213-158-90-48.plesk.page\/?page_id=1083"},"modified":"2025-11-23T19:14:32","modified_gmt":"2025-11-23T19:14:32","slug":"elektrik-aydinlatma-parcalari","status":"publish","type":"page","link":"https:\/\/karalargrup.com\/index.php\/elektrik-aydinlatma-parcalari\/","title":{"rendered":"Elektrik \/ Ayd\u0131nlatma Par\u00e7alar\u0131"},"content":{"rendered":"\t\t<div data-elementor-type=\"wp-page\" data-elementor-id=\"1083\" class=\"elementor elementor-1083\">\n\t\t\t\t\t\t<section class=\"elementor-section elementor-top-section elementor-element elementor-element-e207174 elementor-section-height-min-height elementor-section-items-bottom elementor-section-stretched elementor-section-boxed elementor-section-height-default\" data-id=\"e207174\" data-element_type=\"section\" data-settings=\"{&quot;stretch_section&quot;:&quot;section-stretched&quot;,&quot;background_background&quot;:&quot;classic&quot;}\">\n\t\t\t\t\t\t<div class=\"elementor-container elementor-column-gap-wider\">\n\t\t\t\t\t<div class=\"elementor-column elementor-col-100 elementor-top-column elementor-element elementor-element-0da9aaf\" data-id=\"0da9aaf\" data-element_type=\"column\">\n\t\t\t<div class=\"elementor-widget-wrap elementor-element-populated\">\n\t\t\t\t\t\t<section class=\"elementor-section elementor-inner-section elementor-element elementor-element-ce175e4 elementor-hidden-desktop elementor-hidden-tablet elementor-hidden-mobile elementor-section-boxed elementor-section-height-default elementor-section-height-default\" data-id=\"ce175e4\" data-element_type=\"section\">\n\t\t\t\t\t\t<div class=\"elementor-container elementor-column-gap-default\">\n\t\t\t\t\t<div class=\"elementor-column elementor-col-100 elementor-inner-column elementor-element elementor-element-78d1717\" data-id=\"78d1717\" data-element_type=\"column\">\n\t\t\t<div class=\"elementor-widget-wrap elementor-element-populated\">\n\t\t\t\t\t\t<div class=\"elementor-element elementor-element-9000f84 elementor-widget__width-auto elementor-invisible elementor-widget elementor-widget-heading\" data-id=\"9000f84\" data-element_type=\"widget\" data-settings=\"{&quot;_animation&quot;:&quot;fadeInUp&quot;}\" data-widget_type=\"heading.default\">\n\t\t\t\t\t<h2 class=\"elementor-heading-title elementor-size-default\">Motor Par\u00e7alar\u0131<\/h2>\t\t\t\t<\/div>\n\t\t\t\t\t<\/div>\n\t\t<\/div>\n\t\t\t\t\t<\/div>\n\t\t<\/section>\n\t\t\t\t\t<\/div>\n\t\t<\/div>\n\t\t\t\t\t<\/div>\n\t\t<\/section>\n\t\t<div class=\"elementor-element elementor-element-7963239 e-flex e-con-boxed e-con e-parent\" data-id=\"7963239\" data-element_type=\"container\">\n\t\t\t\t\t<div class=\"e-con-inner\">\n\t\t\t\t<div class=\"elementor-element elementor-element-49aae74 elementor-widget elementor-widget-heading\" data-id=\"49aae74\" data-element_type=\"widget\" data-widget_type=\"heading.default\">\n\t\t\t\t\t<h1 class=\"elementor-heading-title elementor-size-default\">Elektrik \/ Ayd\u0131nlatma Par\u00e7alar\u0131<\/h1>\t\t\t\t<\/div>\n\t\t\t\t<div class=\"elementor-element elementor-element-31e3323 elementor-widget elementor-widget-text-editor\" data-id=\"31e3323\" data-element_type=\"widget\" data-widget_type=\"text-editor.default\">\n\t\t\t\t\t\t\t\t\t<section><p><strong>Ayd\u0131nlatma sistemi<\/strong>\u00a0gece g\u00f6r\u00fc\u015f kullan\u0131m\u0131 i\u00e7in gereklidir. D\u0131\u015f ayd\u0131nlatmalar ve i\u00e7 ayd\u0131nlatmalar olmak \u00fczere ikiye ayr\u0131l\u0131r. I\u015f\u0131kland\u0131rma sisteminde kullan\u0131lan lambalar arac\u0131n i\u00e7inde ve d\u0131\u015f\u0131nda kullan\u0131l\u0131r.\u00a0<strong>\u0130\u00e7 ayd\u0131nlatma<\/strong>; tavan lambalar\u0131 ve panel lambalar\u0131(g\u00f6stergeler) \u015feklinde grupland\u0131r\u0131labilir.\u00a0<strong>D\u0131\u015f ayd\u0131nlatma<\/strong>; far, park lambalar\u0131, stop lambalar\u0131, d\u00f6n\u00fc\u015f sinyalleri, arka plaka lambas\u0131, geri vites lambas\u0131, d\u00f6rtl\u00fc fla\u015f\u00f6r, \u00f6n ve arka sis lambalar\u0131 \u015feklinde grupland\u0131r\u0131labilir.\u00a0<\/p><p>Arabada bulunan elektrik sistemlerinin ba\u015f\u0131nda dinamolar\/alternat\u00f6rler gelir. Ara\u00e7larda \u015farj ve mar\u015f dinamosu olmak \u00fczere iki \u00e7e\u015fit dinamo yer al\u0131r. Otomobil Mar\u015f dinamosu, ak\u00fcden ald\u0131\u011f\u0131 enerji ile motordaki ilk hareketi sa\u011flayan par\u00e7ad\u0131r. Otomobil \u015farj dinamosu denilen alternat\u00f6rler, stator ad\u0131 verilen bir demirin iletkenlerine sar\u0131lmakta ve i\u00e7eride bulunan m\u0131knat\u0131s\u0131n d\u00f6nmesi sonucunda elektrik \u00fcretilmesi sonucunda \u00e7al\u0131\u015fmaktad\u0131r.<\/p><div class=\"row\"><div class=\"col-md-6\"><ul class=\"list-gradient \"><li>Alternat\u00f6rler<\/li><li>Ate\u015fleme Bobinleri<\/li><li>Buji Kablolar\u0131<\/li><li>By Pass Ventilleri<\/li><li>Cam Du\u0308\u011fmeleri<\/li><li>Cam Su Depo \u00c7e\u015fitleri<\/li><li>Cam Su Fiskiyeleri<\/li><li>Cam Su Fiskiye Kapaklar\u0131<\/li><li>Cam Su Motorlar\u0131<\/li><li>Depo \u0130\u00e7i Pompalar<\/li><li>Far Camlar\u0131<\/li><li>FarlarHava Filtre Sens\u00f6rleri<\/li><li>Kalorifer Motorlar\u0131<\/li><li>Kalorifer Musluklar\u0131<\/li><\/ul><\/div><div class=\"col-md-6\"><ul class=\"list-gradient \"><li>Kalorifer Rezistanslar\u0131<\/li><li>Kilit \u015eifre \/ Kontak G\u00f6vde<\/li><li>K\u0131zd\u0131rma Bujileri<\/li><li>K\u00f6mu\u0308rlu\u0308 Konjekt\u00f6rler<\/li><li>Lensler \/ Kedi G\u00f6zu\u0308<\/li><li>Mar\u015f Motorlar\u0131<\/li><li>Mu\u0308\u015fu\u0308r Ve Sens\u00f6rler<\/li><li>Plaka Lambalar\u0131<\/li><li>Sinyal Kollar\u0131<\/li><li>Sinyaller<\/li><li>Sis Far Camlar\u0131<\/li><li>Sis Far Kitleri<\/li><li>Sis Farlar\u0131<\/li><li>Stop Camlar\u0131<\/li><li>Stop Duylar\u0131<\/li><li>Stoplar<\/li><\/ul><\/div><\/div><\/section>\t\t\t\t\t\t\t\t<\/div>\n\t\t\t\t\t<\/div>\n\t\t\t\t<\/div>\n\t\t\t\t<\/div>\n\t\t","protected":false},"excerpt":{"rendered":"<p>Motor Par\u00e7alar\u0131 Elektrik \/ Ayd\u0131nlatma Par\u00e7alar\u0131 Ayd\u0131nlatma sistemi\u00a0gece g\u00f6r\u00fc\u015f kullan\u0131m\u0131 i\u00e7in gereklidir. D\u0131\u015f ayd\u0131nlatmalar ve i\u00e7 ayd\u0131nlatmalar olmak \u00fczere ikiye ayr\u0131l\u0131r. I\u015f\u0131kland\u0131rma sisteminde kullan\u0131lan lambalar arac\u0131n<span class=\"excerpt-hellip\"> [\u2026]<\/span><\/p>\n","protected":false},"author":1,"featured_media":0,"parent":0,"menu_order":0,"comment_status":"closed","ping_status":"closed","template":"","meta":{"footnotes":""},"class_list":["post-1083","page","type-page","status-publish","hentry"],"_links":{"self":[{"href":"https:\/\/karalargrup.com\/index.php\/wp-json\/wp\/v2\/pages\/1083","targetHints":{"allow":["GET"]}}],"collection":[{"href":"https:\/\/karalargrup.com\/index.php\/wp-json\/wp\/v2\/pages"}],"about":[{"href":"https:\/\/karalargrup.com\/index.php\/wp-json\/wp\/v2\/types\/page"}],"author":[{"embeddable":true,"href":"https:\/\/karalargrup.com\/index.php\/wp-json\/wp\/v2\/users\/1"}],"replies":[{"embeddable":true,"href":"https:\/\/karalargrup.com\/index.php\/wp-json\/wp\/v2\/comments?post=1083"}],"version-history":[{"count":10,"href":"https:\/\/karalargrup.com\/index.php\/wp-json\/wp\/v2\/pages\/1083\/revisions"}],"predecessor-version":[{"id":1401,"href":"https:\/\/karalargrup.com\/index.php\/wp-json\/wp\/v2\/pages\/1083\/revisions\/1401"}],"wp:attachment":[{"href":"https:\/\/karalargrup.com\/index.php\/wp-json\/wp\/v2\/media?parent=1083"}],"curies":[{"name":"wp","href":"https:\/\/api.w.org\/{rel}","templated":true}]}}