{"id":1088,"date":"2025-11-23T00:48:07","date_gmt":"2025-11-23T00:48:07","guid":{"rendered":"https:\/\/priceless-merkle.213-158-90-48.plesk.page\/?page_id=1088"},"modified":"2025-11-23T19:15:20","modified_gmt":"2025-11-23T19:15:20","slug":"kaporta-parcalari","status":"publish","type":"page","link":"https:\/\/karalargrup.com\/index.php\/kaporta-parcalari\/","title":{"rendered":"Kaporta Par\u00e7alar\u0131"},"content":{"rendered":"\t\t<div data-elementor-type=\"wp-page\" data-elementor-id=\"1088\" class=\"elementor elementor-1088\">\n\t\t\t\t\t\t<section class=\"elementor-section elementor-top-section elementor-element elementor-element-4e9cbc9 elementor-section-height-min-height elementor-section-items-bottom elementor-section-stretched elementor-section-boxed elementor-section-height-default\" data-id=\"4e9cbc9\" data-element_type=\"section\" data-settings=\"{&quot;stretch_section&quot;:&quot;section-stretched&quot;,&quot;background_background&quot;:&quot;classic&quot;}\">\n\t\t\t\t\t\t<div class=\"elementor-container elementor-column-gap-wider\">\n\t\t\t\t\t<div class=\"elementor-column elementor-col-100 elementor-top-column elementor-element elementor-element-022ed81\" data-id=\"022ed81\" data-element_type=\"column\">\n\t\t\t<div class=\"elementor-widget-wrap elementor-element-populated\">\n\t\t\t\t\t\t<section class=\"elementor-section elementor-inner-section elementor-element elementor-element-66dce05 elementor-hidden-desktop elementor-hidden-tablet elementor-hidden-mobile elementor-section-boxed elementor-section-height-default elementor-section-height-default\" data-id=\"66dce05\" data-element_type=\"section\">\n\t\t\t\t\t\t<div class=\"elementor-container elementor-column-gap-default\">\n\t\t\t\t\t<div class=\"elementor-column elementor-col-100 elementor-inner-column elementor-element elementor-element-197c88f\" data-id=\"197c88f\" data-element_type=\"column\">\n\t\t\t<div class=\"elementor-widget-wrap elementor-element-populated\">\n\t\t\t\t\t\t<div class=\"elementor-element elementor-element-50efb85 elementor-widget__width-auto elementor-invisible elementor-widget elementor-widget-heading\" data-id=\"50efb85\" data-element_type=\"widget\" data-settings=\"{&quot;_animation&quot;:&quot;fadeInUp&quot;}\" data-widget_type=\"heading.default\">\n\t\t\t\t\t<h2 class=\"elementor-heading-title elementor-size-default\">Motor Par\u00e7alar\u0131<\/h2>\t\t\t\t<\/div>\n\t\t\t\t\t<\/div>\n\t\t<\/div>\n\t\t\t\t\t<\/div>\n\t\t<\/section>\n\t\t\t\t\t<\/div>\n\t\t<\/div>\n\t\t\t\t\t<\/div>\n\t\t<\/section>\n\t\t<div class=\"elementor-element elementor-element-bdd4974 e-flex e-con-boxed e-con e-parent\" data-id=\"bdd4974\" data-element_type=\"container\">\n\t\t\t\t\t<div class=\"e-con-inner\">\n\t\t\t\t<div class=\"elementor-element elementor-element-951bb75 elementor-widget elementor-widget-heading\" data-id=\"951bb75\" data-element_type=\"widget\" data-widget_type=\"heading.default\">\n\t\t\t\t\t<h1 class=\"elementor-heading-title elementor-size-default\">Kaporta Par\u00e7alar\u0131<\/h1>\t\t\t\t<\/div>\n\t\t\t\t<div class=\"elementor-element elementor-element-5563cc8 elementor-widget elementor-widget-text-editor\" data-id=\"5563cc8\" data-element_type=\"widget\" data-widget_type=\"text-editor.default\">\n\t\t\t\t\t\t\t\t\t<section><p><strong>Kaporta olarak da bilinen karoseri<\/strong>, ara\u00e7 \u015fasisinin \u00fczerine monte edilmi\u015f ve arac\u0131n b\u00fct\u00fcn aksamlar\u0131n\u0131 \u00e7evreleyerek gizleyen ve baz\u0131 aksamlar\u0131n\u0131 da \u00fczerinde ta\u015f\u0131yan, arac\u0131n d\u0131\u015f g\u00f6r\u00fcnt\u00fc b\u00fct\u00fcnl\u00fc\u011f\u00fcn\u00fc olu\u015fturan metal aksamlar\u0131n\u0131n tamam\u0131d\u0131r. Her ara\u00e7 i\u00e7in ayr\u0131 \u015fekillerde tasarlanm\u0131\u015f olan karoseri ayn\u0131 zamanda arac\u0131n tasar\u0131m\u0131n\u0131 olu\u015fturan ana unsurdur.<\/p><div class=\"row\"><div class=\"col-md-6\"><ul class=\"list-gradient \"><li>Tavan Lambalar\u0131<\/li><li>Ayna Bakalitleri<\/li><li>Ayna Camlar\u0131<\/li><li>Ayna Kapak Vidalar\u0131 \/ Tapalar\u0131<\/li><li>Ayna Kapaklar\u0131<\/li><li>Bagaj Amortis\u00f6rleri<\/li><li>Cam Kriko Halatlar\u0131<\/li><li>Cam Kriko Tamir Tkm<\/li><li>Cam Krikolar\u0131<\/li><li>\u00c7amurluk Davlumbazlar\u0131<\/li><li>\u00c7amurluk Ku\u015faklar\u0131<\/li><li>Depo Ya\u011f Kapaklar\u0131<\/li><li>D\u0131\u015f Aynalar<\/li><li>D\u00f6\u015feme \u00c7e\u015fitleri<\/li><li>\u0130\u00e7 Aynalar<\/li><\/ul><\/div><div class=\"col-md-6\"><ul class=\"list-gradient \"><li>Jant Kapaklar\u0131<\/li><li>Kap\u0131 \/ Bagaj Toz Lastikleri<\/li><li>Kap\u0131 Direk \u00c7\u0131talar\u0131<\/li><li>Kap\u0131 Kilit \/ Makaralar<\/li><li>Kap\u0131 Ku\u015faklar\u0131<\/li><li>Kap\u0131lar<\/li><li>Kap\u0131 Kollar\u0131<\/li><li>Klipsler<\/li><li>\u00d6n Cam Vidalar\u0131<\/li><li>Panjurlar<\/li><li>Paspas \u00c7e\u015fitleri<\/li><li>Silecekler<\/li><li>Sis Far Izgaralar\u0131<\/li><li>Tampon Traversleri<\/li><li>Tamponlar \/ Tampon K\u00f6\u015feleri<\/li><li>Muhtelif Par\u00e7alar<\/li><\/ul><\/div><\/div><\/section>\t\t\t\t\t\t\t\t<\/div>\n\t\t\t\t\t<\/div>\n\t\t\t\t<\/div>\n\t\t\t\t<\/div>\n\t\t","protected":false},"excerpt":{"rendered":"<p>Motor Par\u00e7alar\u0131 Kaporta Par\u00e7alar\u0131 Kaporta olarak da bilinen karoseri, ara\u00e7 \u015fasisinin \u00fczerine monte edilmi\u015f ve arac\u0131n b\u00fct\u00fcn aksamlar\u0131n\u0131 \u00e7evreleyerek gizleyen ve baz\u0131 aksamlar\u0131n\u0131 da \u00fczerinde ta\u015f\u0131yan,<span class=\"excerpt-hellip\"> [\u2026]<\/span><\/p>\n","protected":false},"author":1,"featured_media":0,"parent":0,"menu_order":0,"comment_status":"closed","ping_status":"closed","template":"","meta":{"footnotes":""},"class_list":["post-1088","page","type-page","status-publish","hentry"],"_links":{"self":[{"href":"https:\/\/karalargrup.com\/index.php\/wp-json\/wp\/v2\/pages\/1088","targetHints":{"allow":["GET"]}}],"collection":[{"href":"https:\/\/karalargrup.com\/index.php\/wp-json\/wp\/v2\/pages"}],"about":[{"href":"https:\/\/karalargrup.com\/index.php\/wp-json\/wp\/v2\/types\/page"}],"author":[{"embeddable":true,"href":"https:\/\/karalargrup.com\/index.php\/wp-json\/wp\/v2\/users\/1"}],"replies":[{"embeddable":true,"href":"https:\/\/karalargrup.com\/index.php\/wp-json\/wp\/v2\/comments?post=1088"}],"version-history":[{"count":13,"href":"https:\/\/karalargrup.com\/index.php\/wp-json\/wp\/v2\/pages\/1088\/revisions"}],"predecessor-version":[{"id":1404,"href":"https:\/\/karalargrup.com\/index.php\/wp-json\/wp\/v2\/pages\/1088\/revisions\/1404"}],"wp:attachment":[{"href":"https:\/\/karalargrup.com\/index.php\/wp-json\/wp\/v2\/media?parent=1088"}],"curies":[{"name":"wp","href":"https:\/\/api.w.org\/{rel}","templated":true}]}}